{"id":20,"date":"2022-06-30T06:57:12","date_gmt":"2022-06-30T06:57:12","guid":{"rendered":"https:\/\/landonthesand.it\/?page_id=20"},"modified":"2025-05-27T14:02:06","modified_gmt":"2025-05-27T14:02:06","slug":"scheda-di-adesione","status":"publish","type":"page","link":"https:\/\/landonthesand.it\/?page_id=20","title":{"rendered":"Iscrizioni"},"content":{"rendered":"\n<div style=\"height:35px\" aria-hidden=\"true\" class=\"wp-block-spacer\"><\/div>\n\n\n\n<p style=\"font-size:18px\">Da qui puoi scaricare il regolamento del torneo ed il modulo d&#8217;iscrizione. E&#8217; necessario compilarlo in tutte le sue parti ed inviarlo via mail a: <a href=\"mailto:info@active-hotels.it\">info@active-hotels.it<\/a> con copia a <a href=\"mailto:eventbyskyteamitalia@gmail.com\">eventbyskyteamitalia@gmail.com<\/a>.<\/p>\n\n\n\n<p style=\"font-size:18px\">ATTENZIONE! L&#8217;iscrizione NON \u00e8 automatica poich\u00e8 disponiamo di un numero limitato di posti. L&#8217;iscrizione verr\u00e0 confermata via mail. Il torneo \u00e8 strettamente riservato agli agenti di viaggio, non saranno pertanto prese in considerazione richieste d&#8217;iscrizione da parte di altre categorie.<\/p>\n\n\n\n<p style=\"font-size:18px\"><\/p>\n\n\n\n<div style=\"height:35px\" aria-hidden=\"true\" class=\"wp-block-spacer\"><\/div>\n\n\n\n<div class=\"wp-block-buttons is-content-justification-center is-layout-flex wp-container-core-buttons-is-layout-a89b3969 wp-block-buttons-is-layout-flex\">\n<div class=\"wp-block-button\"><a class=\"wp-block-button__link has-text-align-center wp-element-button\" href=\"https:\/\/landonthesand.it\/wp-content\/uploads\/2025\/05\/ISCRIZIONEREGOLAMENTO-LOTS-25.pdf\" target=\"_blank\" rel=\"noreferrer noopener\">SCARICA IL REGOLAMENTO ED IL MODULO D&#8217;ISCRIZIONE<\/a><\/div>\n<\/div>\n","protected":false},"excerpt":{"rendered":"<p>Da qui puoi scaricare il regolamento del torneo ed il modulo d&#8217;iscrizione. E&#8217; necessario compilarlo in tutte le sue parti ed inviarlo via mail a: info@active-hotels.it con copia a eventbyskyteamitalia@gmail.com. ATTENZIONE! L&#8217;iscrizione NON \u00e8 automatica poich\u00e8 disponiamo di un numero limitato di posti. L&#8217;iscrizione verr\u00e0 confermata via mail. Il torneo \u00e8 strettamente riservato agli agenti di viaggio, non saranno pertanto prese in considerazione richieste d&#8217;iscrizione da parte di altre categorie.<\/p>\n","protected":false},"author":1,"featured_media":0,"parent":0,"menu_order":0,"comment_status":"closed","ping_status":"closed","template":"","meta":{"footnotes":""},"class_list":["post-20","page","type-page","status-publish","hentry"],"_links":{"self":[{"href":"https:\/\/landonthesand.it\/index.php?rest_route=\/wp\/v2\/pages\/20","targetHints":{"allow":["GET"]}}],"collection":[{"href":"https:\/\/landonthesand.it\/index.php?rest_route=\/wp\/v2\/pages"}],"about":[{"href":"https:\/\/landonthesand.it\/index.php?rest_route=\/wp\/v2\/types\/page"}],"author":[{"embeddable":true,"href":"https:\/\/landonthesand.it\/index.php?rest_route=\/wp\/v2\/users\/1"}],"replies":[{"embeddable":true,"href":"https:\/\/landonthesand.it\/index.php?rest_route=%2Fwp%2Fv2%2Fcomments&post=20"}],"version-history":[{"count":23,"href":"https:\/\/landonthesand.it\/index.php?rest_route=\/wp\/v2\/pages\/20\/revisions"}],"predecessor-version":[{"id":1044,"href":"https:\/\/landonthesand.it\/index.php?rest_route=\/wp\/v2\/pages\/20\/revisions\/1044"}],"wp:attachment":[{"href":"https:\/\/landonthesand.it\/index.php?rest_route=%2Fwp%2Fv2%2Fmedia&parent=20"}],"curies":[{"name":"wp","href":"https:\/\/api.w.org\/{rel}","templated":true}]}}